{"id":4262,"date":"2025-06-02T05:55:44","date_gmt":"2025-06-02T05:55:44","guid":{"rendered":"https:\/\/sietechnic.com\/shop\/servo-motor-qd690s\/"},"modified":"2025-06-02T05:55:44","modified_gmt":"2025-06-02T05:55:44","slug":"servo-motor-qd690s","status":"publish","type":"product","link":"https:\/\/sietechnic.com\/tr\/shop\/servo-motor-qd690s\/","title":{"rendered":"Servo Motor QD690S"},"content":{"rendered":"<p>550 Watt End\u00fcstriyel Servo Motor, 5000 dev\/dak&#8217;ya kadar hassas h\u0131z kontrol\u00fc, 1.42 N.m tork, end\u00fcstriyel diki\u015f i\u00e7in entegre dijital kontrol sistemine sahip.<\/p>\n<p>Teknik \u00d6zellikler:<\/p>\n<p>(Nominal g\u00fc\u00e7) 550W<\/p>\n<p class=\"ds-markdown-paragraph\">(\u00d6zelle\u015ftirilebilir) AC220V \/ AC110V<\/p>\n<p>(H\u0131z Aral\u0131\u011f\u0131) 100-5000 RPM<\/p>\n<p>Torque Specifications:<\/p>\n<p>(Nominal Tork) 1.42N.M (3700RPM)<\/p>\n<p>(Maksimum Tork) 5mm (2500RPM)<\/p>\n","protected":false},"excerpt":{"rendered":"<p>550 Watt End\u00fcstriyel Servo Motor, 5000 dev\/dak&#8217;ya kadar hassas h\u0131z kontrol\u00fc, 1.42 N.m tork, end\u00fcstriyel diki\u015f i\u00e7in entegre dijital kontrol sistemine sahip.<\/p>\n","protected":false},"featured_media":4256,"comment_status":"open","ping_status":"closed","template":"","meta":{"_acf_changed":false,"rank_math_lock_modified_date":false},"product_cat":[93],"product_tag":[],"class_list":{"0":"post-4262","1":"product","2":"type-product","3":"status-publish","4":"has-post-thumbnail","6":"product_cat-servo-motor-tr-2","8":"first","9":"instock","10":"shipping-taxable","11":"product-type-simple"},"acf":[],"_links":{"self":[{"href":"https:\/\/sietechnic.com\/tr\/wp-json\/wp\/v2\/product\/4262"}],"collection":[{"href":"https:\/\/sietechnic.com\/tr\/wp-json\/wp\/v2\/product"}],"about":[{"href":"https:\/\/sietechnic.com\/tr\/wp-json\/wp\/v2\/types\/product"}],"replies":[{"embeddable":true,"href":"https:\/\/sietechnic.com\/tr\/wp-json\/wp\/v2\/comments?post=4262"}],"version-history":[{"count":0,"href":"https:\/\/sietechnic.com\/tr\/wp-json\/wp\/v2\/product\/4262\/revisions"}],"wp:featuredmedia":[{"embeddable":true,"href":"https:\/\/sietechnic.com\/tr\/wp-json\/wp\/v2\/media\/4256"}],"wp:attachment":[{"href":"https:\/\/sietechnic.com\/tr\/wp-json\/wp\/v2\/media?parent=4262"}],"wp:term":[{"taxonomy":"product_cat","embeddable":true,"href":"https:\/\/sietechnic.com\/tr\/wp-json\/wp\/v2\/product_cat?post=4262"},{"taxonomy":"product_tag","embeddable":true,"href":"https:\/\/sietechnic.com\/tr\/wp-json\/wp\/v2\/product_tag?post=4262"}],"curies":[{"name":"wp","href":"https:\/\/api.w.org\/{rel}","templated":true}]}}