{"id":4231,"date":"2025-05-31T19:39:51","date_gmt":"2025-05-31T19:39:51","guid":{"rendered":"https:\/\/sietechnic.com\/?post_type=product&#038;p=4231"},"modified":"2025-05-31T19:39:52","modified_gmt":"2025-05-31T19:39:52","slug":"dugme-paneli-renkli-lcd-dokunmatik-panel","status":"publish","type":"product","link":"https:\/\/sietechnic.com\/tr\/shop\/dugme-paneli-renkli-lcd-dokunmatik-panel\/","title":{"rendered":"d\u00fc\u011fme paneli\/renkli lcd dokunmatik panel"},"content":{"rendered":"<p>d\u00fc\u011fme paneli\/renkli lcd dokunmatik panel model 690s<\/p>\n<p>Ana Fonksiyonlar: Diki\u015f modu se\u00e7imi, Diki\u015f kapatma ayar\u0131, Dijital bask\u0131 aya\u011f\u0131 y\u00fckseklik ayar\u0131, Diki\u015f uzunlu\u011fu ayar\u0131 H\u0131z kontrol\u00fc.<\/p>\n<p>Geli\u015fmi\u015f fonksiyonlar: \u00c7ince ve \u0130ngilizce dillerini destekler, ayr\u0131ca ba\u015fka diller de eklenebilir.<\/p>\n","protected":false},"excerpt":{"rendered":"<p>d\u00fc\u011fme paneli\/renkli lcd dokunmatik panel model 690s<\/p>\n","protected":false},"featured_media":4196,"comment_status":"open","ping_status":"closed","template":"","meta":{"_acf_changed":false,"rank_math_lock_modified_date":false},"product_cat":[143],"product_tag":[],"class_list":{"0":"post-4231","1":"product","2":"type-product","3":"status-publish","4":"has-post-thumbnail","6":"product_cat-control-panel-tr","8":"first","9":"instock","10":"shipping-taxable","11":"product-type-simple"},"acf":[],"_links":{"self":[{"href":"https:\/\/sietechnic.com\/tr\/wp-json\/wp\/v2\/product\/4231"}],"collection":[{"href":"https:\/\/sietechnic.com\/tr\/wp-json\/wp\/v2\/product"}],"about":[{"href":"https:\/\/sietechnic.com\/tr\/wp-json\/wp\/v2\/types\/product"}],"replies":[{"embeddable":true,"href":"https:\/\/sietechnic.com\/tr\/wp-json\/wp\/v2\/comments?post=4231"}],"version-history":[{"count":1,"href":"https:\/\/sietechnic.com\/tr\/wp-json\/wp\/v2\/product\/4231\/revisions"}],"predecessor-version":[{"id":4234,"href":"https:\/\/sietechnic.com\/tr\/wp-json\/wp\/v2\/product\/4231\/revisions\/4234"}],"wp:featuredmedia":[{"embeddable":true,"href":"https:\/\/sietechnic.com\/tr\/wp-json\/wp\/v2\/media\/4196"}],"wp:attachment":[{"href":"https:\/\/sietechnic.com\/tr\/wp-json\/wp\/v2\/media?parent=4231"}],"wp:term":[{"taxonomy":"product_cat","embeddable":true,"href":"https:\/\/sietechnic.com\/tr\/wp-json\/wp\/v2\/product_cat?post=4231"},{"taxonomy":"product_tag","embeddable":true,"href":"https:\/\/sietechnic.com\/tr\/wp-json\/wp\/v2\/product_tag?post=4231"}],"curies":[{"name":"wp","href":"https:\/\/api.w.org\/{rel}","templated":true}]}}