{"id":4219,"date":"2025-05-31T06:43:36","date_gmt":"2025-05-31T06:43:36","guid":{"rendered":"https:\/\/sietechnic.com\/?post_type=product&#038;p=4219"},"modified":"2025-05-31T06:43:36","modified_gmt":"2025-05-31T06:43:36","slug":"kontrol-sistemi-qd690s","status":"publish","type":"product","link":"https:\/\/sietechnic.com\/tr\/shop\/kontrol-sistemi-qd690s\/","title":{"rendered":"kontrol sistemi qd690s"},"content":{"rendered":"<p>Manuel ve dokunmatik kontrol sistemi, End\u00fcstriyel diki\u015f makineleri i\u00e7in tasarlanm\u0131\u015ft\u0131r.<\/p>\n<p>Temel desteklenen i\u015flevler: Ayak sabitleme, Ayak kald\u0131rma sens\u00f6r\u00fc, Ayak kald\u0131rma, d\u00fczeltme, Diki\u015f uzunlu\u011funu ayarlay\u0131n, sabitleyin, Ya\u011f seviyesini kontrol edin, Elektronik gerilim, Petek olu\u015fumuna kar\u015f\u0131 direnci destekler, \u0636\u063a\u0637 \u0627\u0644\u0631\u0643\u0628\u0629\u060c desen diki\u015fi, Diki\u015fin kapat\u0131lmas\u0131.<\/p>\n<p>Geli\u015fmi\u015f fonksiyonlar: \u0130\u011fne so\u011futma, \u0130plik kopmas\u0131n\u0131 tespit edin, Alt i\u015f par\u00e7ac\u0131\u011f\u0131 say\u0131s\u0131.<\/p>\n","protected":false},"excerpt":{"rendered":"<p>Manuel ve dokunmatik kontrol sistemi, End\u00fcstriyel diki\u015f makineleri i\u00e7in tasarlanm\u0131\u015ft\u0131r.<\/p>\n","protected":false},"featured_media":4214,"comment_status":"open","ping_status":"closed","template":"","meta":{"_acf_changed":false,"rank_math_lock_modified_date":false},"product_cat":[143],"product_tag":[],"class_list":{"0":"post-4219","1":"product","2":"type-product","3":"status-publish","4":"has-post-thumbnail","6":"product_cat-control-panel-tr","8":"first","9":"instock","10":"shipping-taxable","11":"product-type-simple"},"acf":[],"_links":{"self":[{"href":"https:\/\/sietechnic.com\/tr\/wp-json\/wp\/v2\/product\/4219"}],"collection":[{"href":"https:\/\/sietechnic.com\/tr\/wp-json\/wp\/v2\/product"}],"about":[{"href":"https:\/\/sietechnic.com\/tr\/wp-json\/wp\/v2\/types\/product"}],"replies":[{"embeddable":true,"href":"https:\/\/sietechnic.com\/tr\/wp-json\/wp\/v2\/comments?post=4219"}],"version-history":[{"count":1,"href":"https:\/\/sietechnic.com\/tr\/wp-json\/wp\/v2\/product\/4219\/revisions"}],"predecessor-version":[{"id":4222,"href":"https:\/\/sietechnic.com\/tr\/wp-json\/wp\/v2\/product\/4219\/revisions\/4222"}],"wp:featuredmedia":[{"embeddable":true,"href":"https:\/\/sietechnic.com\/tr\/wp-json\/wp\/v2\/media\/4214"}],"wp:attachment":[{"href":"https:\/\/sietechnic.com\/tr\/wp-json\/wp\/v2\/media?parent=4219"}],"wp:term":[{"taxonomy":"product_cat","embeddable":true,"href":"https:\/\/sietechnic.com\/tr\/wp-json\/wp\/v2\/product_cat?post=4219"},{"taxonomy":"product_tag","embeddable":true,"href":"https:\/\/sietechnic.com\/tr\/wp-json\/wp\/v2\/product_tag?post=4219"}],"curies":[{"name":"wp","href":"https:\/\/api.w.org\/{rel}","templated":true}]}}