{"id":3414,"date":"2024-10-28T15:21:34","date_gmt":"2024-10-28T15:21:34","guid":{"rendered":"https:\/\/sietechnic.com\/?post_type=product&#038;p=3414"},"modified":"2024-10-28T15:22:32","modified_gmt":"2024-10-28T15:22:32","slug":"yaygin-inancin-new-%d9%86%d8%b3%d8%ae%d8%a9","status":"publish","type":"product","link":"https:\/\/sietechnic.com\/tr\/shop\/yaygin-inancin-new-%d9%86%d8%b3%d8%ae%d8%a9\/","title":{"rendered":"machine name"},"content":{"rendered":"<p>Yayg\u0131n inanc\u0131n tersine, Lorem Ipsum rastgele s\u00f6zc\u00fcklerden olu\u015fmaz. K\u00f6kleri M.\u00d6. 45 tarihinden bu yana klasik Latin edebiyat\u0131na kadar uzanan 2000 y\u0131ll\u0131k bir ge\u00e7mi\u015fi vard\u0131r. Virginia&#8217;daki Hampden-Sydney<\/p>\n","protected":false},"excerpt":{"rendered":"<p>Yayg\u0131n inanc\u0131n tersine, Lorem Ipsum rastgele s\u00f6zc\u00fcklerden olu\u015fmaz. K\u00f6kleri M.\u00d6. 45 tarihinden bu yana klasik Latin edebiyat\u0131na kadar uzanan 2000 y\u0131ll\u0131k bir ge\u00e7mi\u015fi vard\u0131r. Virginia&#8217;daki Hampden-Sydney<\/p>\n","protected":false},"featured_media":2343,"comment_status":"open","ping_status":"closed","template":"","meta":{"_acf_changed":false,"rank_math_lock_modified_date":false},"product_cat":[52],"product_tag":[],"class_list":{"0":"post-3414","1":"product","2":"type-product","3":"status-publish","4":"has-post-thumbnail","6":"product_cat-lockstitch-motor-tr-2","8":"first","9":"instock","10":"shipping-taxable","11":"purchasable","12":"product-type-simple"},"acf":[],"_links":{"self":[{"href":"https:\/\/sietechnic.com\/tr\/wp-json\/wp\/v2\/product\/3414"}],"collection":[{"href":"https:\/\/sietechnic.com\/tr\/wp-json\/wp\/v2\/product"}],"about":[{"href":"https:\/\/sietechnic.com\/tr\/wp-json\/wp\/v2\/types\/product"}],"replies":[{"embeddable":true,"href":"https:\/\/sietechnic.com\/tr\/wp-json\/wp\/v2\/comments?post=3414"}],"version-history":[{"count":2,"href":"https:\/\/sietechnic.com\/tr\/wp-json\/wp\/v2\/product\/3414\/revisions"}],"predecessor-version":[{"id":3419,"href":"https:\/\/sietechnic.com\/tr\/wp-json\/wp\/v2\/product\/3414\/revisions\/3419"}],"wp:featuredmedia":[{"embeddable":true,"href":"https:\/\/sietechnic.com\/tr\/wp-json\/wp\/v2\/media\/2343"}],"wp:attachment":[{"href":"https:\/\/sietechnic.com\/tr\/wp-json\/wp\/v2\/media?parent=3414"}],"wp:term":[{"taxonomy":"product_cat","embeddable":true,"href":"https:\/\/sietechnic.com\/tr\/wp-json\/wp\/v2\/product_cat?post=3414"},{"taxonomy":"product_tag","embeddable":true,"href":"https:\/\/sietechnic.com\/tr\/wp-json\/wp\/v2\/product_tag?post=3414"}],"curies":[{"name":"wp","href":"https:\/\/api.w.org\/{rel}","templated":true}]}}