{"id":2412,"date":"2024-10-16T20:38:08","date_gmt":"2024-10-16T20:38:08","guid":{"rendered":"https:\/\/sietechnic.com\/?post_type=product&#038;p=2412"},"modified":"2025-01-02T12:37:03","modified_gmt":"2025-01-02T12:37:03","slug":"yaygin-inancin-%d9%86%d8%b3%d8%ae%d8%a9","status":"publish","type":"product","link":"https:\/\/sietechnic.com\/tr\/shop\/yaygin-inancin-%d9%86%d8%b3%d8%ae%d8%a9\/","title":{"rendered":"Yayg\u0131n inanc\u0131n new"},"content":{"rendered":"<p>Yayg\u0131n inanc\u0131n tersine, Lorem Ipsum rastgele s\u00f6zc\u00fcklerden olu\u015fmaz. K\u00f6kleri M.\u00d6. 45 tarihinden bu yana klasik Latin edebiyat\u0131na kadar uzanan 2000 y\u0131ll\u0131k bir ge\u00e7mi\u015fi vard\u0131r. Virginia&#8217;daki Hampden-Sydney<\/p>\n","protected":false},"excerpt":{"rendered":"<p>Yayg\u0131n inanc\u0131n tersine, Lorem Ipsum rastgele s\u00f6zc\u00fcklerden olu\u015fmaz. K\u00f6kleri M.\u00d6. 45 tarihinden bu yana klasik Latin edebiyat\u0131na kadar uzanan 2000 y\u0131ll\u0131k bir ge\u00e7mi\u015fi vard\u0131r. Virginia&#8217;daki Hampden-Sydney<\/p>\n","protected":false},"featured_media":2340,"comment_status":"open","ping_status":"closed","template":"","meta":{"_acf_changed":false,"rank_math_lock_modified_date":false},"product_cat":[52],"product_tag":[],"class_list":{"0":"post-2412","1":"product","2":"type-product","3":"status-publish","4":"has-post-thumbnail","6":"product_cat-lockstitch-motor-tr-2","8":"first","9":"instock","10":"sale","11":"shipping-taxable","12":"purchasable","13":"product-type-simple"},"acf":[],"_links":{"self":[{"href":"https:\/\/sietechnic.com\/tr\/wp-json\/wp\/v2\/product\/2412"}],"collection":[{"href":"https:\/\/sietechnic.com\/tr\/wp-json\/wp\/v2\/product"}],"about":[{"href":"https:\/\/sietechnic.com\/tr\/wp-json\/wp\/v2\/types\/product"}],"replies":[{"embeddable":true,"href":"https:\/\/sietechnic.com\/tr\/wp-json\/wp\/v2\/comments?post=2412"}],"version-history":[{"count":1,"href":"https:\/\/sietechnic.com\/tr\/wp-json\/wp\/v2\/product\/2412\/revisions"}],"predecessor-version":[{"id":2460,"href":"https:\/\/sietechnic.com\/tr\/wp-json\/wp\/v2\/product\/2412\/revisions\/2460"}],"wp:featuredmedia":[{"embeddable":true,"href":"https:\/\/sietechnic.com\/tr\/wp-json\/wp\/v2\/media\/2340"}],"wp:attachment":[{"href":"https:\/\/sietechnic.com\/tr\/wp-json\/wp\/v2\/media?parent=2412"}],"wp:term":[{"taxonomy":"product_cat","embeddable":true,"href":"https:\/\/sietechnic.com\/tr\/wp-json\/wp\/v2\/product_cat?post=2412"},{"taxonomy":"product_tag","embeddable":true,"href":"https:\/\/sietechnic.com\/tr\/wp-json\/wp\/v2\/product_tag?post=2412"}],"curies":[{"name":"wp","href":"https:\/\/api.w.org\/{rel}","templated":true}]}}