{"id":2359,"date":"2024-10-16T15:49:44","date_gmt":"2024-10-16T15:49:44","guid":{"rendered":"https:\/\/sietechnic.com\/product\/2337\/"},"modified":"2024-10-16T16:17:37","modified_gmt":"2024-10-16T16:17:37","slug":"2337","status":"publish","type":"product","link":"https:\/\/sietechnic.com\/tr\/shop\/2337\/","title":{"rendered":"Yayg\u0131n inanc\u0131n"},"content":{"rendered":"<p>Yayg\u0131n inanc\u0131n tersine, Lorem Ipsum rastgele s\u00f6zc\u00fcklerden olu\u015fmaz. K\u00f6kleri M.\u00d6. 45 tarihinden bu yana klasik Latin edebiyat\u0131na kadar uzanan 2000 y\u0131ll\u0131k bir ge\u00e7mi\u015fi vard\u0131r. Virginia&#8217;daki Hampden-Sydney<\/p>\n","protected":false},"excerpt":{"rendered":"<p>Yayg\u0131n inanc\u0131n tersine, Lorem Ipsum rastgele s\u00f6zc\u00fcklerden olu\u015fmaz. K\u00f6kleri M.\u00d6. 45 tarihinden bu yana klasik Latin edebiyat\u0131na kadar uzanan 2000 y\u0131ll\u0131k bir ge\u00e7mi\u015fi vard\u0131r. Virginia&#8217;daki Hampden-Sydney<\/p>\n","protected":false},"featured_media":2346,"comment_status":"open","ping_status":"closed","template":"","meta":{"_acf_changed":false,"rank_math_lock_modified_date":false},"product_cat":[52],"product_tag":[],"class_list":{"0":"post-2359","1":"product","2":"type-product","3":"status-publish","4":"has-post-thumbnail","6":"product_cat-lockstitch-motor-tr-2","8":"first","9":"instock","10":"sale","11":"shipping-taxable","12":"purchasable","13":"product-type-simple"},"acf":[],"_links":{"self":[{"href":"https:\/\/sietechnic.com\/tr\/wp-json\/wp\/v2\/product\/2359"}],"collection":[{"href":"https:\/\/sietechnic.com\/tr\/wp-json\/wp\/v2\/product"}],"about":[{"href":"https:\/\/sietechnic.com\/tr\/wp-json\/wp\/v2\/types\/product"}],"replies":[{"embeddable":true,"href":"https:\/\/sietechnic.com\/tr\/wp-json\/wp\/v2\/comments?post=2359"}],"version-history":[{"count":0,"href":"https:\/\/sietechnic.com\/tr\/wp-json\/wp\/v2\/product\/2359\/revisions"}],"wp:featuredmedia":[{"embeddable":true,"href":"https:\/\/sietechnic.com\/tr\/wp-json\/wp\/v2\/media\/2346"}],"wp:attachment":[{"href":"https:\/\/sietechnic.com\/tr\/wp-json\/wp\/v2\/media?parent=2359"}],"wp:term":[{"taxonomy":"product_cat","embeddable":true,"href":"https:\/\/sietechnic.com\/tr\/wp-json\/wp\/v2\/product_cat?post=2359"},{"taxonomy":"product_tag","embeddable":true,"href":"https:\/\/sietechnic.com\/tr\/wp-json\/wp\/v2\/product_tag?post=2359"}],"curies":[{"name":"wp","href":"https:\/\/api.w.org\/{rel}","templated":true}]}}